{"id":8,"date":"2018-07-16T19:28:27","date_gmt":"2018-07-16T19:28:27","guid":{"rendered":"https:\/\/www.endoclin.com.br\/site\/?page_id=8"},"modified":"2024-09-04T15:13:33","modified_gmt":"2024-09-04T18:13:33","slug":"a-endoclin","status":"publish","type":"page","link":"https:\/\/www.endoclin.com.br\/site\/a-endoclin\/","title":{"rendered":"A Endoclin"},"content":{"rendered":"<p><img decoding=\"async\" class=\"alignright wp-image-176 \" src=\"https:\/\/www.endoclin.com.br\/site\/wp-content\/uploads\/2020\/08\/pl.jpg\" alt=\"\" width=\"310\" height=\"451\" loading=\"lazy\" srcset=\"https:\/\/www.endoclin.com.br\/site\/wp-content\/uploads\/2020\/08\/pl.jpg 550w, https:\/\/www.endoclin.com.br\/site\/wp-content\/uploads\/2020\/08\/pl-206x300.jpg 206w\" sizes=\"(max-width: 310px) 100vw, 310px\" \/>Desde 1999, o Centro de Diagn\u00f3sticos Endoclin \u00e9 pioneiro na preven\u00e7\u00e3o, diagn\u00f3sticos e tratamento das Doen\u00e7as do Aparelho Digestivo.\u00a0Nasceu de um sonho, foi idealizado e concretizado por seu fundador, o m\u00e9dico gastroenterologista Dr. Rudiberto Ferrarin (in memoriam), com o intuito de proporcionar atendimento cl\u00ednico e realiza\u00e7\u00e3o de exames endosc\u00f3picos aos pacientes num ambiente diferenciado, com abordagem individualizada\u00a0, com toda a tecnologia dispon\u00edvel para isso e profissionais com forma\u00e7\u00e3o espec\u00edfica na \u00e1rea e em constante aperfei\u00e7oamento. Tem em seu corpo cl\u00ednico os gastroenterologistas e endoscopistas Dr. Marcio Lubini e Dr. Pedro Matheus Ferrarin.<\/p>\n<p>A Endoclin realiza endoscopia digestiva alta e colonoscopia com equipamento de alta-defini\u00e7\u00e3o e cromoscopia digital i-Scan (PENTAX) para aux\u00edlio no diagn\u00f3stico acurado das patologias digestivas. Seus profissionais realizam os mais variados m\u00e9todos terap\u00eauticos, incluindo ressec\u00e7\u00f5es endosc\u00f3picas de p\u00f3lipos, abla\u00e7\u00e3o de les\u00f5es vasculares, mucosectomias, tendo dispon\u00edvel equipamento de coagula\u00e7\u00e3o com plasma de arg\u00f4nio.<\/p>\n<p>Realiza tamb\u00e9m a enteroscopia por c\u00e1psula endosc\u00f3pica \u2013 PILLCAM \u2013 sendo refer\u00eancia no diagn\u00f3stico de patologias do intestino delgado desde o advento deste m\u00e9todo diagn\u00f3stico.<\/p>\n<p>A Endoclin \u00e9 refer\u00eancia no diagn\u00f3stico e tratamento de pacientes com Doen\u00e7a de Crohn e Retocolite Ulcerativa \u2013 as chamadas com Doen\u00e7as Inflamat\u00f3rias Intestinais. Disp\u00f5e de centro de infus\u00e3o\/aplica\u00e7\u00e3o de terapia biol\u00f3gica (medicamentos especiais), equipe multidisciplinar especializada no cuidado de pacientes com Doen\u00e7as Inflamat\u00f3rias Intestinais.\u00a0 Desde 2016, participa ativamente de protocolos de pesquisa internacionais para pesquisa de novas mol\u00e9culas para o tratamento de Doen\u00e7a de Crohn e Retocolite Ulcerativa. <span lang=\"PT\">Participa, junto ao Instituto M<\/span><span lang=\"FR\">\u00e9<\/span><span lang=\"DE\">deri<\/span><span lang=\"PT\">, de Protocolos de Pesquisa Cl\u00ednica onde h\u00e1 possibilidade do paciente participar de estudos onde s\u00e3o desenvolvidas as novas mol\u00e9culas para o tratamento das DII.<\/span><\/p>\n<p>Em parceria com laborat\u00f3rio de apoio, j\u00e1 realiza a dosagem de calprotectina fecal e dosagem de n\u00edvel s\u00e9rico de Infliximabe e Adalimumabe, auxiliando na correta tomada de decis\u00f5es dos\u00a0 pacientes com Doen\u00e7as Inflamat\u00f3rias Intestinais.<\/p>\n<div class=\"foogallery foogallery-container foogallery-default foogallery-lightbox-foobox fg-gutter-10 fg-center fg-default fg-light fg-border-thin fg-shadow-outline fg-loading-default fg-loaded-fade-in fg-custom fg-caption-hover fg-hover-fade fg-hover-zoom\" id=\"foogallery-gallery-303\" data-foogallery=\"{&quot;item&quot;:{&quot;showCaptionTitle&quot;:true,&quot;showCaptionDescription&quot;:true},&quot;lazy&quot;:true,&quot;src&quot;:&quot;data-src-fg&quot;,&quot;srcset&quot;:&quot;data-srcset-fg&quot;}\" data-fg-common-fields=\"1\" >\n\t<div class=\"fg-item\"><figure class=\"fg-item-inner\"><a href=\"https:\/\/www.endoclin.com.br\/site\/wp-content\/uploads\/2024\/07\/IMG_6644.jpg\" data-attachment-id=\"310\" class=\" fg-thumb\"><img width=\"250\" height=\"200\" data-src-fg=\"https:\/\/www.endoclin.com.br\/site\/wp-content\/uploads\/cache\/2024\/07\/IMG_6644\/2418663693.jpg\" class=\"fg-image\" \/><\/a><figcaption class=\"fg-caption\"><div class=\"fg-caption-inner\"><\/div><\/figcaption><\/figure><\/div><div class=\"fg-item\"><figure class=\"fg-item-inner\"><a href=\"https:\/\/www.endoclin.com.br\/site\/wp-content\/uploads\/2024\/07\/IMG_6603.jpg\" data-attachment-id=\"312\" class=\" fg-thumb\"><img width=\"250\" height=\"200\" data-src-fg=\"https:\/\/www.endoclin.com.br\/site\/wp-content\/uploads\/cache\/2024\/07\/IMG_6603\/4225643748.jpg\" class=\"fg-image\" \/><\/a><figcaption class=\"fg-caption\"><div class=\"fg-caption-inner\"><\/div><\/figcaption><\/figure><\/div><div class=\"fg-item\"><figure class=\"fg-item-inner\"><a href=\"https:\/\/www.endoclin.com.br\/site\/wp-content\/uploads\/2024\/07\/IMG_6605.jpg\" data-attachment-id=\"313\" class=\" fg-thumb\"><img width=\"250\" height=\"200\" data-src-fg=\"https:\/\/www.endoclin.com.br\/site\/wp-content\/uploads\/cache\/2024\/07\/IMG_6605\/601783197.jpg\" class=\"fg-image\" \/><\/a><figcaption class=\"fg-caption\"><div class=\"fg-caption-inner\"><\/div><\/figcaption><\/figure><\/div><div class=\"fg-item\"><figure class=\"fg-item-inner\"><a href=\"https:\/\/www.endoclin.com.br\/site\/wp-content\/uploads\/2024\/07\/IMG_6610.jpg\" data-attachment-id=\"318\" class=\" fg-thumb\"><img width=\"250\" height=\"200\" data-src-fg=\"https:\/\/www.endoclin.com.br\/site\/wp-content\/uploads\/cache\/2024\/07\/IMG_6610\/2911804744.jpg\" class=\"fg-image\" \/><\/a><figcaption class=\"fg-caption\"><div class=\"fg-caption-inner\"><\/div><\/figcaption><\/figure><\/div><div class=\"fg-item\"><figure class=\"fg-item-inner\"><a href=\"https:\/\/www.endoclin.com.br\/site\/wp-content\/uploads\/2024\/07\/IMG_6611.jpg\" data-attachment-id=\"319\" class=\" fg-thumb\"><img width=\"250\" height=\"200\" data-src-fg=\"https:\/\/www.endoclin.com.br\/site\/wp-content\/uploads\/cache\/2024\/07\/IMG_6611\/2135677736.jpg\" class=\"fg-image\" \/><\/a><figcaption class=\"fg-caption\"><div class=\"fg-caption-inner\"><\/div><\/figcaption><\/figure><\/div><div class=\"fg-item\"><figure class=\"fg-item-inner\"><a href=\"https:\/\/www.endoclin.com.br\/site\/wp-content\/uploads\/2024\/07\/IMG_6619.jpg\" data-attachment-id=\"327\" class=\" fg-thumb\"><img width=\"250\" height=\"200\" data-src-fg=\"https:\/\/www.endoclin.com.br\/site\/wp-content\/uploads\/cache\/2024\/07\/IMG_6619\/4103844238.jpg\" class=\"fg-image\" \/><\/a><figcaption class=\"fg-caption\"><div class=\"fg-caption-inner\"><\/div><\/figcaption><\/figure><\/div><div class=\"fg-item\"><figure class=\"fg-item-inner\"><a href=\"https:\/\/www.endoclin.com.br\/site\/wp-content\/uploads\/2024\/07\/IMG_6625.jpg\" data-attachment-id=\"333\" class=\" fg-thumb\"><img width=\"250\" height=\"200\" data-src-fg=\"https:\/\/www.endoclin.com.br\/site\/wp-content\/uploads\/cache\/2024\/07\/IMG_6625\/3105829793.jpg\" class=\"fg-image\" \/><\/a><figcaption class=\"fg-caption\"><div class=\"fg-caption-inner\"><\/div><\/figcaption><\/figure><\/div><div class=\"fg-item\"><figure class=\"fg-item-inner\"><a href=\"https:\/\/www.endoclin.com.br\/site\/wp-content\/uploads\/2024\/07\/IMG_6628.jpg\" data-attachment-id=\"336\" class=\" fg-thumb\"><img width=\"250\" height=\"200\" data-src-fg=\"https:\/\/www.endoclin.com.br\/site\/wp-content\/uploads\/cache\/2024\/07\/IMG_6628\/1170766710.jpg\" class=\"fg-image\" \/><\/a><figcaption class=\"fg-caption\"><div class=\"fg-caption-inner\"><\/div><\/figcaption><\/figure><\/div><div class=\"fg-item\"><figure class=\"fg-item-inner\"><a href=\"https:\/\/www.endoclin.com.br\/site\/wp-content\/uploads\/2024\/07\/IMG_2043-1.jpg\" data-attachment-id=\"347\" class=\" fg-thumb\"><img width=\"250\" height=\"200\" data-src-fg=\"https:\/\/www.endoclin.com.br\/site\/wp-content\/uploads\/cache\/2024\/07\/IMG_2043-1\/3826165646.jpg\" class=\"fg-image\" \/><\/a><figcaption class=\"fg-caption\"><div class=\"fg-caption-inner\"><\/div><\/figcaption><\/figure><\/div><div class=\"fg-item\"><figure class=\"fg-item-inner\"><a href=\"https:\/\/www.endoclin.com.br\/site\/wp-content\/uploads\/2024\/07\/IMG_6640.jpg\" data-attachment-id=\"306\" class=\" fg-thumb\"><img width=\"250\" height=\"200\" data-src-fg=\"https:\/\/www.endoclin.com.br\/site\/wp-content\/uploads\/cache\/2024\/07\/IMG_6640\/186370478.jpg\" class=\"fg-image\" \/><\/a><figcaption class=\"fg-caption\"><div class=\"fg-caption-inner\"><\/div><\/figcaption><\/figure><\/div><div class=\"fg-item\"><figure class=\"fg-item-inner\"><a href=\"https:\/\/www.endoclin.com.br\/site\/wp-content\/uploads\/2024\/07\/IMG_6631.jpg\" data-attachment-id=\"339\" class=\" fg-thumb\"><img width=\"250\" height=\"200\" data-src-fg=\"https:\/\/www.endoclin.com.br\/site\/wp-content\/uploads\/cache\/2024\/07\/IMG_6631\/3851064084.jpg\" class=\"fg-image\" \/><\/a><figcaption class=\"fg-caption\"><div class=\"fg-caption-inner\"><\/div><\/figcaption><\/figure><\/div><div class=\"fg-item\"><figure class=\"fg-item-inner\"><a href=\"https:\/\/www.endoclin.com.br\/site\/wp-content\/uploads\/2024\/07\/IMG_6632.jpg\" data-attachment-id=\"340\" class=\" fg-thumb\"><img width=\"250\" height=\"200\" data-src-fg=\"https:\/\/www.endoclin.com.br\/site\/wp-content\/uploads\/cache\/2024\/07\/IMG_6632\/3676566059.jpg\" class=\"fg-image\" \/><\/a><figcaption class=\"fg-caption\"><div class=\"fg-caption-inner\"><\/div><\/figcaption><\/figure><\/div><\/div>\n\n<h1 style=\"text-align: center;\">Corpo Cl\u00ednico<\/h1>\n<h4 style=\"text-align: center;\"><strong>Dr. Marcio Lubini (CREMERS 26563)<\/strong><br \/>\n<strong>Dr. Pedro Matheus Ferrarin (CREMERS 35942)<\/strong><\/h4>\n<ul>\n<li style=\"text-align: center;\">Hepatologia<\/li>\n<li style=\"text-align: center;\">Gastroenterologia<\/li>\n<li style=\"text-align: center;\">Endoscopia Digestiva<\/li>\n<\/ul>\n<h4 style=\"text-align: center;\"><strong>Dr\u00aa. Dalila Lorini Ferrarin (CREMERS 19091)<\/strong><\/h4>\n<ul>\n<li style=\"text-align: center;\">Cardiologia<\/li>\n<li style=\"text-align: center;\">Medicina Interna<\/li>\n<\/ul>\n<h4 style=\"text-align: center;\">Andressa Ferrarin Mistura &#8211; Enfermeira Respons\u00e1vel T\u00e9cnica<br \/>\nMayara Brotto Rosado &#8211; Enfermeira Assistencial<\/h4>\n","protected":false},"excerpt":{"rendered":"<p>Desde 1999, o Centro de Diagn\u00f3sticos Endoclin \u00e9 pioneiro na preven\u00e7\u00e3o, diagn\u00f3sticos e tratamento das Doen\u00e7as do Aparelho Digestivo.\u00a0Nasceu de um sonho, foi idealizado e concretizado por seu fundador, o m\u00e9dico gastroenterologista Dr. Rudiberto Ferrarin (in memoriam), com o intuito de proporcionar atendimento cl\u00ednico e realiza\u00e7\u00e3o de exames endosc\u00f3picos aos pacientes num ambiente diferenciado, com [&hellip;]<\/p>\n","protected":false},"author":1,"featured_media":0,"parent":0,"menu_order":4,"comment_status":"closed","ping_status":"closed","template":"","meta":{"footnotes":""},"_links":{"self":[{"href":"https:\/\/www.endoclin.com.br\/site\/wp-json\/wp\/v2\/pages\/8"}],"collection":[{"href":"https:\/\/www.endoclin.com.br\/site\/wp-json\/wp\/v2\/pages"}],"about":[{"href":"https:\/\/www.endoclin.com.br\/site\/wp-json\/wp\/v2\/types\/page"}],"author":[{"embeddable":true,"href":"https:\/\/www.endoclin.com.br\/site\/wp-json\/wp\/v2\/users\/1"}],"replies":[{"embeddable":true,"href":"https:\/\/www.endoclin.com.br\/site\/wp-json\/wp\/v2\/comments?post=8"}],"version-history":[{"count":27,"href":"https:\/\/www.endoclin.com.br\/site\/wp-json\/wp\/v2\/pages\/8\/revisions"}],"predecessor-version":[{"id":349,"href":"https:\/\/www.endoclin.com.br\/site\/wp-json\/wp\/v2\/pages\/8\/revisions\/349"}],"wp:attachment":[{"href":"https:\/\/www.endoclin.com.br\/site\/wp-json\/wp\/v2\/media?parent=8"}],"curies":[{"name":"wp","href":"https:\/\/api.w.org\/{rel}","templated":true}]}}