{"id":226,"date":"2022-01-28T12:07:03","date_gmt":"2022-01-28T15:07:03","guid":{"rendered":"https:\/\/www.endoclin.com.br\/site\/?page_id=226"},"modified":"2024-07-23T16:04:01","modified_gmt":"2024-07-23T19:04:01","slug":"preparos","status":"publish","type":"page","link":"https:\/\/www.endoclin.com.br\/site\/preparos\/","title":{"rendered":"Preparos"},"content":{"rendered":"<h1><\/h1>\n<p>&nbsp;<\/p>\n<h1 style=\"text-align: center;\">Endoscopia Digestiva Alta<\/h1>\n<p style=\"text-align: center;\"><span style=\"color: #011888;\"><strong>PERMANECER EM JEJUM ABSOLUTO DE 08 HORAS AT\u00c9 O EXAME.<\/strong><\/span><\/p>\n<h3 style=\"text-align: center;\"><span style=\"color: #011888;\"><strong>LEMBRE-SE:<\/strong><\/span><\/h3>\n<ul>\n<li>Se apresentar sintomas respirat\u00f3rios, gripais, febre entrar em contato para reagendar o exame.<\/li>\n<li>Informe se possuir alergias e se faz uso de AAS, clopidogrel, prasugrel ou ticagrelor, assim como anticoagulantes (Varfarina, Rivaroxabana, Dabigatrana, Enoxabana e Apixabana).<\/li>\n<li>Informe se tem orienta\u00e7\u00e3o para medica\u00e7\u00e3o preventiva devido a doen\u00e7as card\u00edacas.<\/li>\n<li>Deixe seus pertences e objetos pessoais como joias, rel\u00f3gio, carteira, documentos com seu familiar.<\/li>\n<li>Traga acompanhante maior de idade e n\u00e3o dirija ap\u00f3s o exame.<\/li>\n<\/ul>\n<hr \/>\n<h1 style=\"text-align: center;\">Colonoscopia<\/h1>\n<h3 style=\"text-align: center;\"><span style=\"color: #333399;\"><strong>Preparo para Colonoscopia Manh\u00e3 <\/strong><\/span><\/h3>\n<p>O preparo inicia<span style=\"color: #333399;\"><strong> 03 dias<\/strong> <\/span>antes do exame com recomenda\u00e7\u00e3o para aumentar a ingesta de \u00e1gua e l\u00edquidos claros e <span style=\"color: #333399;\"><strong>EVITAR<\/strong> <\/span>alimentos que produzam res\u00edduos como: <span style=\"color: #333399;\"><strong>carnes vermelhas, frutas, verduras e legumes, leites e derivados e p\u00e3es integrais. N\u00e3o ingerir sementes e caro\u00e7os de frutas como: uva, melancia e mam\u00e3o.<\/strong><\/span><\/p>\n<h3 style=\"text-align: center;\"><strong><span style=\"color: #333399;\">V\u00c9SPERA DO EXAME:<br \/>\n<\/span><\/strong><span style=\"color: #333399;\">Sugest\u00f5es com alimentos permitidos:<\/span><\/h3>\n<ul>\n<li>Somente ingerir: bolacha \u00e1gua e sal, gelatina, pur\u00ea de batata, biscoito de polvilho, ovos cozidos, caldo de sopa (bem coados), \u00e1gua de c\u00f4co e isot\u00f4nicos de cores claras. (tipo Gatorade).<\/li>\n<li>N\u00e3o tomar chimarr\u00e3o e leite.<\/li>\n<li>Alimentar-se at\u00e9 as 17:00 hs.<\/li>\n<\/ul>\n<h3 style=\"text-align: center;\"><span style=\"color: #333399;\"><strong>Medica\u00e7\u00f5es:<\/strong><\/span><\/h3>\n<ul>\n<li>Tomar 2 comprimidos de <span style=\"color: #333399;\"><strong>BISACODIL <\/strong><\/span>as 08:00 hs\u00a0 do dia anterior ao exame.<\/li>\n<li>2\u00a0 comprimidos de <span style=\"color: #333399;\"><strong>BISACODIL<\/strong><\/span> AS 14:00 hs do dia anterior ao exame.<\/li>\n<li>As <span style=\"color: #333399;\"><strong>19:00 hs <\/strong><\/span>diluir 01 envelope de Picoprep em 150 ml de \u00e1gua mexer por 3 minutos, esperar esfriar e beber. Ap\u00f3s ingerir 04 copos de \u00e1gua ou l\u00edquidos claros, nas pr\u00f3ximas duas horas.<\/li>\n<li>As <span style=\"color: #333399;\"><strong>01:00 hs <\/strong><\/span>diluir 01 envelope de Picoprep em 150 ml de \u00e1gua mexer por 3 minutos, esperar esfriar e beber. Ap\u00f3s ingerir 04 copos de \u00e1gua ou l\u00edquidos claros, nas pr\u00f3ximas duas horas.<\/li>\n<\/ul>\n<p style=\"text-align: center;\"><span style=\"color: #333399;\"><strong>EM SEGUIDA PERMANECER EM JEJUM ABSOLUTO AT\u00c9 O EXAME. <\/strong><\/span><\/p>\n<h3 style=\"text-align: center;\"><span style=\"color: #333399;\"><strong>LEMBRE-SE: Chegar com 30 minutos de anteced\u00eancia. <\/strong><\/span><\/h3>\n<ul>\n<li>Se apresentar sintomas respirat\u00f3rios, gripais, febre entrar em contato para reagendar o exame.<\/li>\n<li>Trazer solicita\u00e7\u00e3o original do exame.<\/li>\n<li>Informe se possuir alergias e se faz uso de AAS, clopidogrel, prasugrel ou ticagrelor, assim como anticoagulantes (Varfarina, Rivaroxabana, Dabigatrana, Enoxabana e Apixabana).<\/li>\n<li>Informe se tem orienta\u00e7\u00e3o para medica\u00e7\u00e3o preventiva devido a doen\u00e7as card\u00edacas.<\/li>\n<li>Deixe seus pertences e objetos pessoais como joias, rel\u00f3gio, carteira, documentos com seu familiar.<\/li>\n<li>Traga acompanhante maior de idade, o qual dever\u00e1 permanecer durante a realiza\u00e7\u00e3o do exame.<\/li>\n<li>N\u00e3o dirija ap\u00f3s o exame.<\/li>\n<\/ul>\n<h3 style=\"text-align: center;\"><span style=\"color: #333399;\"><strong>Preparo para Colonoscopia Tarde <\/strong><\/span><\/h3>\n<p>O preparo inicia<span style=\"color: #333399;\"><strong> 03 dias<\/strong> <\/span>antes do exame com recomenda\u00e7\u00e3o para aumentar a ingesta de \u00e1gua e l\u00edquidos claros e<span style=\"color: #333399;\"> <strong>EVITAR<\/strong><\/span> alimentos que produzam res\u00edduos como: <span style=\"color: #333399;\"><strong>carnes vermelhas, frutas, verduras e legumes, leites e derivados e p\u00e3es integrais. N\u00e3o ingerir sementes e caro\u00e7os de frutas como: uva, melancia e mam\u00e3o.<\/strong><\/span><\/p>\n<h3 style=\"text-align: center;\"><strong><span style=\"color: #333399;\">V\u00c9SPERA DO EXAME:\u00a0<\/span><br \/>\n<\/strong><span style=\"color: #333399;\">Sugest\u00f5es com alimentos permitidos:<\/span><\/h3>\n<ul>\n<li>Somente ingerir: bolacha \u00e1gua e sal, gelatina, pur\u00ea de batata, biscoito de polvilho, ovos cozidos, caldo de sopa (bem coados), \u00e1gua de c\u00f4co e isot\u00f4nicos de cores claras. (tipo Gatorade).<\/li>\n<li>N\u00e3o tomar chimarr\u00e3o e leite.<\/li>\n<li>Alimentar-se at\u00e9 as 21 hs.<\/li>\n<\/ul>\n<h3 style=\"text-align: center;\"><span style=\"color: #333399;\"><strong>Medica\u00e7\u00f5es:<\/strong><\/span><\/h3>\n<ul>\n<li>Tomar 2 comprimidos de <span style=\"color: #333399;\"><strong>BISACODIL<\/strong><\/span> as 14:00 hs do dia anterior ao exame.<\/li>\n<li>2 comprimidos de <span style=\"color: #333399;\"><strong>BISACODIL<\/strong><\/span> as 16:00 hs do dia anterior ao exame.<\/li>\n<li>As <strong><span style=\"color: #333399;\">21:00 hs<\/span> <\/strong>diluir 01 envelope de Picoprep em 150 ml de \u00e1gua mexer por 3 minutos, esperar esfriar e beber. Ap\u00f3s ingerir 04 copos de \u00e1gua ou l\u00edquidos claros, nas pr\u00f3ximas duas horas.<\/li>\n<li>As <span style=\"color: #333399;\"><strong>06:00 hs <\/strong><\/span>diluir 01 envelope de Picoprep em 150 ml de \u00e1gua mexer por 3 minutos, esperar esfriar e beber. Ap\u00f3s ingerir 04 copos de \u00e1gua ou l\u00edquidos claros, nas pr\u00f3ximas duas horas.<\/li>\n<\/ul>\n<p style=\"text-align: center;\"><span style=\"color: #333399;\"><strong>EM SEGUIDA PERMANECER EM JEJUM ABSOLUTO AT\u00c9 O EXAME. <\/strong><\/span><\/p>\n<h3 style=\"text-align: center;\"><span style=\"color: #333399;\"><strong>LEMBRE-SE: Chegar com 30 minutos de anteced\u00eancia<\/strong><\/span><\/h3>\n<ul>\n<li>Se apresentar sintomas respirat\u00f3rios, gripais, febre entrar em contato para reagendar o exame.<\/li>\n<li>Trazer a solicita\u00e7\u00e3o original do exame.<\/li>\n<li>Informe se possuir alergias e se faz uso de AAS, clopidogrel, prasugrel ou ticagrelor, assim como anticoagulantes (Varfarina, Rivaroxabana, Dabigatrana, Enoxabana e Apixabana).<\/li>\n<li>Informe se tem orienta\u00e7\u00e3o para medica\u00e7\u00e3o preventiva devido a doen\u00e7as card\u00edacas.<\/li>\n<li>Deixe seus pertences e objetos pessoais como joias, rel\u00f3gio, carteira, documentos com seu familiar.<\/li>\n<li>Traga acompanhante maior de idade, o qual dever\u00e1 permanecer durante a realiza\u00e7\u00e3o do exame.<\/li>\n<li>N\u00e3o dirija ap\u00f3s o exame.<\/li>\n<\/ul>\n<hr \/>\n<h1 style=\"text-align: center;\">Teste de Hidrog\u00eanio no Ar Expirado<\/h1>\n<h3 style=\"text-align: center;\"><span style=\"color: #333399;\"><strong>Preparo para Teste de Hidrog\u00eanio no Ar Expirado<\/strong><\/span><\/h3>\n<p style=\"text-align: center;\"><span style=\"color: #333399;\"><strong>Recomenda\u00e7\u00f5es Gerais:<\/strong><\/span><\/p>\n<ul>\n<li>Jejum de 6 horas (somente \u00e1gua sem g\u00e1s est\u00e1 liberada).<\/li>\n<li>Higieniza\u00e7\u00e3o oral adequada (escova\u00e7\u00e3o dent\u00e1ria antes do exame).<\/li>\n<li>N\u00e3o fumar at\u00e9 12 horas antes do teste.<\/li>\n<li>N\u00e3o pode estar usando ou ter usado antibi\u00f3tico at\u00e9 4 semanas antes do exame.<\/li>\n<li>N\u00e3o pode ter feito colonoscopia, enema ou qualquer outro exame do intestino com contraste at\u00e9 4 semana antes do teste.<\/li>\n<li>N\u00e3o pode ter feito o uso de rem\u00e9dios para n\u00e1usea (exemplos: Bromoprida, Ondansetrona (Vonau\u00ae), Metoclopramida (Plasil\u00ae), laxativos (exemplos: Tamarine\u00ae, Lactulona\u00ae, \u00f3leo mineral, Naturetti\u00ae) ou suplementa\u00e7\u00e3o com fibras (exemplos: Metamucil\u00ae, Plantaben\u00ae) at\u00e9 uma semana antes do exame.<\/li>\n<li>Usar apenas os medicamentos de uso cont\u00ednuo com pouco de \u00e1gua no dia do exame.<\/li>\n<li>A dura\u00e7\u00e3o do exame ser\u00e1 de at\u00e9 3 horas.<\/li>\n<li>N\u00e3o realizar atividade f\u00edsica antes do exame.<\/li>\n<li>A dieta da v\u00e9spera do exame, precisa ser observada para que o resultado seja adequado.<\/li>\n<\/ul>\n<p style=\"text-align: center;\"><span style=\"color: #333399;\"><strong>Dieta anti-fermentativa para v\u00e9spera do exame:<\/strong><\/span><\/p>\n<p><span style=\"color: #333399;\"><strong>EVITAR:<\/strong> <\/span>leite e derivados, a\u00e7\u00facares ou ado\u00e7ante artificial, doces, gorduras ou frituras, feij\u00e3o, lentilha, ervilha e verduras cruas, aveia, linha\u00e7a e derivados do trigo (p\u00e3es, bolos, massas), centeio e cevada. Refrigerantes, \u00e1gua com g\u00e1s e bebida alco\u00f3lica.<\/p>\n<h3 style=\"text-align: center;\"><span style=\"color: #333399;\"><strong>Sugest\u00e3o:<\/strong><\/span><\/h3>\n<ul>\n<li><span style=\"color: #333399;\"><strong>Caf\u00e9 da manh\u00e3:<\/strong> <\/span>Ch\u00e1, ovo cozido ou mexido sem gordura, peito de peru, tapioca.<\/li>\n<li><span style=\"color: #333399;\"><strong>Almo\u00e7o:<\/strong> <\/span>uma por\u00e7\u00e3o de frango, peixe ou carne, arroz, ovo cozido ou mexido sem gordura.<\/li>\n<li><span style=\"color: #333399;\"><strong>Janta:<\/strong><\/span> o mais cedo poss\u00edvel, num intervalo de 2 horas antes de deitar-se, em pequena quantidade, uma por\u00e7\u00e3o de frango, peixe ou carne, ovo cozido ou mexido sem gordura.<\/li>\n<\/ul>\n<hr \/>\n<h1 style=\"text-align: center;\">C\u00e1psula Endosc\u00f3pica<\/h1>\n<p style=\"text-align: center;\"><span style=\"color: #000080;\"><strong>2 dias antes do exame:<\/strong><\/span><\/p>\n<p><strong><span style=\"color: #000080;\">EVITAR:<\/span><\/strong> alimentos que produzam res\u00edduos como: carnes vermelhas, frutas com cascas ou sementes e verduras.<\/p>\n<p style=\"text-align: center;\"><span style=\"color: #000080;\"><strong>Dia anterior ao exame:<\/strong><\/span><\/p>\n<ul>\n<li>Ingerir somente l\u00edquidos claros como \u00e1gua sem g\u00e1s, sucos de frutas claros coados ou industrializados, \u00e1gua de coco, Gatorade, gelatinas de cores claras e caldos de carnes coados at\u00e9 as 21:00 horas.<\/li>\n<li>As 21:00 horas tomar 80 gotas de simeticona.<\/li>\n<\/ul>\n<p style=\"text-align: center;\"><strong><span style=\"color: #000080;\">Dia do exame:<\/span><\/strong><\/p>\n<ul>\n<li>As 07:00 horas tomar 80 gotas de simeticona.<\/li>\n<\/ul>\n<p style=\"text-align: center;\"><strong><span style=\"color: #000080;\">EM SEGUIDA PERMANECER EM JEJUM ABSOLUTO AT\u00c9 O EXAME.<\/span><\/strong><\/p>\n<h3 style=\"text-align: center;\"><span style=\"color: #000080;\"><strong>LEMBRE-SE:<\/strong><\/span><\/h3>\n<ul>\n<li>Se apresentar sintomas respirat\u00f3rios, gripais, febre entrar em contato para reagendar o exame.<\/li>\n<li>Vestir roupas confort\u00e1veis.<\/li>\n<li>N\u00e3o tomar medicamentos em comprimidos duas horas antes do exame.<\/li>\n<li>Ap\u00f3s tr\u00eas horas do in\u00edcio do exame poder\u00e1 ingerir \u00e1gua sem g\u00e1s.<\/li>\n<li>Ap\u00f3s cinco horas poder\u00e1 ingerir l\u00edquidos claros como: suco de frutas industrializados, \u00e1gua de coco, Gatorade.<\/li>\n<li>O exame tem dura\u00e7\u00e3o m\u00e9dia de oito horas.<\/li>\n<\/ul>\n<hr \/>\n<h1 style=\"text-align: center;\"><span style=\"color: #000080;\"><strong>Em caso de d\u00favidas ligue ou mande<br \/>\nmensagem para (54) 99972.0218<\/strong><\/span><\/h1>\n<p>&nbsp;<\/p>\n","protected":false},"excerpt":{"rendered":"<p>&nbsp; Endoscopia Digestiva Alta PERMANECER EM JEJUM ABSOLUTO DE 08 HORAS AT\u00c9 O EXAME. LEMBRE-SE: Se apresentar sintomas respirat\u00f3rios, gripais, febre entrar em contato para reagendar o exame. Informe se possuir alergias e se faz uso de AAS, clopidogrel, prasugrel ou ticagrelor, assim como anticoagulantes (Varfarina, Rivaroxabana, Dabigatrana, Enoxabana e Apixabana). Informe se tem orienta\u00e7\u00e3o [&hellip;]<\/p>\n","protected":false},"author":1,"featured_media":0,"parent":0,"menu_order":1,"comment_status":"closed","ping_status":"closed","template":"","meta":{"footnotes":""},"_links":{"self":[{"href":"https:\/\/www.endoclin.com.br\/site\/wp-json\/wp\/v2\/pages\/226"}],"collection":[{"href":"https:\/\/www.endoclin.com.br\/site\/wp-json\/wp\/v2\/pages"}],"about":[{"href":"https:\/\/www.endoclin.com.br\/site\/wp-json\/wp\/v2\/types\/page"}],"author":[{"embeddable":true,"href":"https:\/\/www.endoclin.com.br\/site\/wp-json\/wp\/v2\/users\/1"}],"replies":[{"embeddable":true,"href":"https:\/\/www.endoclin.com.br\/site\/wp-json\/wp\/v2\/comments?post=226"}],"version-history":[{"count":24,"href":"https:\/\/www.endoclin.com.br\/site\/wp-json\/wp\/v2\/pages\/226\/revisions"}],"predecessor-version":[{"id":301,"href":"https:\/\/www.endoclin.com.br\/site\/wp-json\/wp\/v2\/pages\/226\/revisions\/301"}],"wp:attachment":[{"href":"https:\/\/www.endoclin.com.br\/site\/wp-json\/wp\/v2\/media?parent=226"}],"curies":[{"name":"wp","href":"https:\/\/api.w.org\/{rel}","templated":true}]}}